{"id":7,"date":"2021-05-25T12:58:16","date_gmt":"2021-05-25T10:58:16","guid":{"rendered":"https:\/\/foobs.pl\/?page_id=7"},"modified":"2021-06-02T19:48:24","modified_gmt":"2021-06-02T17:48:24","slug":"startowa","status":"publish","type":"page","link":"https:\/\/foobs.pl\/","title":{"rendered":"startowa"},"content":{"rendered":"<header class=\"header text-white h-fullscreen pb-8 text-center text-lg-left\"  style=\"background-image: url(https:\/\/foobs.pl\/wp-content\/uploads\/2021\/06\/tory.jpg);\">\n\t\n\t<div class=\"overlay opacity-70\" style=\"background-color: #000;\"><\/div>\n\t\n\t<div class=\"container h-100\">\n\t\t\n\t\t<div class=\"row h-100\">\n  <div class=\"col-lg-8 mx-auto align-self-center\">\n    <h1 class=\"display-3 fw-500\">Foobs 2.0 ju\u017c 30 czerwca<\/h1>\n    <p class=\"lead-2 text-white mt-6 mb-8\">Nowe wyzwania,\u00a0<strong>ryzyko<\/strong>, du\u017co\u00a0<strong>zabawy<\/strong>.<br>To wszystko online ju\u017c 30 czerwca w naszej nowej aplikacji foobs 2.0.<br>Nagrody i aukcje wyzwa\u0144 b\u0119d\u0105 op\u0142acane r\u00f3wnie\u017c kryptowalut\u0105 <strong>Eco4Coin<\/strong>.<\/p>\n    <p class=\"gap-xy\">\n      <a class=\"btn btn-primary btn-lg btn-round\" href=\"https:\/\/foobs.pl\/index.php\/aplikacja\/\" style=\"min-width: 200px;\"> Aplikacja <\/a>\n      <a class=\"btn btn-outline-light btn-lg btn-round\" href=\"https:\/\/www.youtube.com\/channel\/UCUNgkXX-KWPRsUXFT5RyG1w\" target=\"_blank\" style=\"min-width: 200px;\"><i class=\"fa fa-youtube-play \"><\/i>  Nasz kana\u0142 YT <\/a>\n    <\/p>\n  <\/div>\n<\/div>\n\t<\/div>\n<\/header>\n\n<section class=\"section overflow-hidden\"  >\n\t\n\t\n\t\n\t<div class=\"container\">\n\t\t\n\t\t<div class=\"row gap-y align-items-center\">\n  <div class=\"col-lg-4 mx-auto text-center text-lg-left\">\n    <h3>Zobacz wybrane wyzwania<\/h3>\n    <p>Wszystkie wyzwania oraz dost\u0119p do strumieni online jedynie w nowej aplikacji dost\u0119powej.<br>Z uwagi na kontrowersyjne tre\u015bci dost\u0119p do platformy tylko dla u\u017cytkownik\u00f3w pe\u0142noletnich !!!<\/p>\n    <br>\n    <a class=\"btn btn-outline-info btn-lg\" href=\"https:\/\/www.youtube.com\/playlist?list=PLWMuLBTr3i2GsUCQzp8lXx2qYJyjP800U\" target=\"_blank\" ><i class=\"fa fa-play mr-4\"><\/i> Zobacz wybrane relacje <\/a>\n  <\/div>\n\n  <div class=\"col-lg-6\">\n    <img decoding=\"async\" class=\"rounded\" src=\"https:\/\/foobs.pl\/wp-content\/uploads\/2021\/06\/mq3.jpg\" alt=\"Alternative Text\" data-aos=\"fade-left\" \/>\n  <\/div>\n<\/div>\n\t<\/div>\n<\/section>\n\n<section class=\"section pt-0 pb-0\"  >\n\t\n\t\n\t\n\t<div class=\"container-wide\">\n\t\t\n\t\t<div  data-provide=\"slider\" data-autoplay=\"true\" data-dots=\"true\" data-arrows=\"true\" data-slides-to-show=\"3\" data-css-ease=\"linear\" data-speed=\"12000\" data-autoplay-speed=\"0\">\n  <div class=\"p-2\">\n  <div class=\"rounded bg-img h-400\" style=\"background-image: url(https:\/\/foobs.pl\/wp-content\/uploads\/2021\/06\/zostan2.png)\"><\/div>\n<\/div><div class=\"p-2\">\n  <div class=\"rounded bg-img h-400\" style=\"background-image: url(https:\/\/foobs.pl\/wp-content\/uploads\/2021\/06\/pkin.jpg)\"><\/div>\n<\/div><div class=\"p-2\">\n  <div class=\"rounded bg-img h-400\" style=\"background-image: url(https:\/\/foobs.pl\/wp-content\/uploads\/2021\/06\/wyhoduj3.png)\"><\/div>\n<\/div>\n<\/div>\n\t<\/div>\n<\/section>\n\n<section class=\"section text-white pt-5 pb-0\"  style=\"background-color: #9f1b87;\">\n\t\n\t\n\t\n\t<div class=\"container-wide\">\n\t\t<header class=\"section-header\"><h2>Kilka relacji po wi\u0119cej zapraszamy na platforme<\/h2><hr><\/header>\n\t\t<div class=\"row no-gutters\">\n  <div class=\"col-md-6 bg-img video-btn-wrapper order-md-2\" style=\"background-image: url(https:\/\/foobs.pl\/wp-content\/uploads\/2021\/06\/lazienki2-scaled.jpg); min-height: 300px;\" data-overlay=\"3\">\n    <a class=\"btn btn-danger btn-xl btn-circle\" href=\"https:\/\/www.youtube.com\/watch?v=vYJN8NQgj1s\" target=\"_blank\" data-provide=\"lightbox\" ><i class=\"fa fa-play \"><\/i>  <\/a>\n  <\/div>\n\n  <div class=\"col-10 col-md-4 mx-auto py-7 py-md-9 text-white\">\n    <h5>Kr\u00f3lewska k\u0105piel w \u0141azienkach <\/h5>\n    <p class=\"mb-0\">oj dzia\u0142o si\u0119, ale wszystkiego pokaza\u0107 nie mo\u017cemy. Ca\u0142y materia\u0142 dost\u0119pny na platformie \ud83d\ude09<br><\/p>\n  <\/div>\n<\/div>\n\t<\/div>\n<\/section>\n\n\n<div style=\"height:10px\" aria-hidden=\"true\" class=\"wp-block-spacer\"><\/div>\n\n\n<section class=\"section text-white pt-0 pb-0\"  style=\"background-color: #4f8cf2;\">\n\t\n\t\n\t\n\t<div class=\"container-wide\">\n\t\t\n\t\t<div class=\"row no-gutters\">\n  <div class=\"col-md-6 bg-img video-btn-wrapper order-md-2\" style=\"background-image: url(https:\/\/foobs.pl\/wp-content\/uploads\/2021\/06\/pokaz2.jpg); min-height: 300px;\" data-overlay=\"3\">\n    <a class=\"btn btn-danger btn-xl btn-circle\" href=\"https:\/\/www.youtube.com\/watch?v=fYztLF86NTo\" target=\"_blank\" data-provide=\"lightbox\" ><i class=\"fa fa-play \"><\/i>  <\/a>\n  <\/div>\n\n  <div class=\"col-10 col-md-4 mx-auto py-7 py-md-9 text-white\">\n    <h5>Poka\u017ce tobie co kryje w sobie<\/h5>\n    <p class=\"mb-0\">Je\u017celi si\u0119 wstydzisz nie rejestruj si\u0119 jako foobs, ale jako obserwator. Zlecaj foobsom trudne wyzwania<br><\/p>\n  <\/div>\n<\/div>\n\t<\/div>\n<\/section>\n\n\n<div style=\"height:10px\" aria-hidden=\"true\" class=\"wp-block-spacer\"><\/div>\n\n\n<section class=\"section text-white pt-0 pb-0\"  style=\"background-color: #e6822b;\">\n\t\n\t\n\t\n\t<div class=\"container-wide\">\n\t\t\n\t\t<div class=\"row no-gutters\">\n  <div class=\"col-md-6 bg-img video-btn-wrapper order-md-2\" style=\"background-image: url(https:\/\/foobs.pl\/wp-content\/uploads\/2021\/06\/jajka2.jpg); min-height: 300px;\" data-overlay=\"3\">\n    <a class=\"btn btn-danger btn-xl btn-circle\" href=\"https:\/\/www.youtube.com\/watch?v=hUm7AbYSnaU\" target=\"_blank\" data-provide=\"lightbox\" ><i class=\"fa fa-play \"><\/i>  <\/a>\n  <\/div>\n\n  <div class=\"col-10 col-md-4 mx-auto py-7 py-md-9 text-white\">\n    <h5>Mega jajecznica przed PKiN<\/h5>\n    <p class=\"mb-0\">Lubisz wyzwania? Nie boisz si\u0119 ryzyka? Zarejestruj si\u0119 jako foobs<br><br><\/p>\n  <\/div>\n<\/div>\n\t<\/div>\n<\/section>","protected":false},"excerpt":{"rendered":"","protected":false},"author":1,"featured_media":0,"parent":0,"menu_order":0,"comment_status":"closed","ping_status":"closed","template":"","meta":{"footnotes":""},"class_list":["post-7","page","type-page","status-publish","hentry"],"_links":{"self":[{"href":"https:\/\/foobs.pl\/index.php\/wp-json\/wp\/v2\/pages\/7","targetHints":{"allow":["GET"]}}],"collection":[{"href":"https:\/\/foobs.pl\/index.php\/wp-json\/wp\/v2\/pages"}],"about":[{"href":"https:\/\/foobs.pl\/index.php\/wp-json\/wp\/v2\/types\/page"}],"author":[{"embeddable":true,"href":"https:\/\/foobs.pl\/index.php\/wp-json\/wp\/v2\/users\/1"}],"replies":[{"embeddable":true,"href":"https:\/\/foobs.pl\/index.php\/wp-json\/wp\/v2\/comments?post=7"}],"version-history":[{"count":46,"href":"https:\/\/foobs.pl\/index.php\/wp-json\/wp\/v2\/pages\/7\/revisions"}],"predecessor-version":[{"id":126,"href":"https:\/\/foobs.pl\/index.php\/wp-json\/wp\/v2\/pages\/7\/revisions\/126"}],"wp:attachment":[{"href":"https:\/\/foobs.pl\/index.php\/wp-json\/wp\/v2\/media?parent=7"}],"curies":[{"name":"wp","href":"https:\/\/api.w.org\/{rel}","templated":true}]}}